{"id":50092,"date":"2023-08-07T14:08:32","date_gmt":"2023-08-07T14:08:32","guid":{"rendered":"https:\/\/hurplastik.com\/contact\/"},"modified":"2026-04-08T08:50:40","modified_gmt":"2026-04-08T08:50:40","slug":"contact","status":"publish","type":"page","link":"https:\/\/hurplastik.com\/en\/contact\/","title":{"rendered":"Contact"},"content":{"rendered":"\n<section class=\"hp-contact-clean\">\n  <div class=\"hp-contact-clean-wrap\">\n\n    <!-- HEAD -->\n    <div class=\"hp-contact-clean-head\">\n      <span class=\"hp-contact-clean-eyebrow\">Contact<\/span>\n      <h1>Contact H\u00fcr Plastik<\/h1>\n      <p>\n You may contact us for information regarding our products, recycling processes, and collaboration inquiries.\n      <\/p>\n    <\/div>\n\n    <!-- GRID -->\n    <div class=\"hp-contact-clean-grid\">\n\n      <!-- LEFT -->\n      <div class=\"hp-contact-clean-main\">\n        <div class=\"hp-contact-clean-list\">\n          <div class=\"hp-contact-clean-item\">\n            <div class=\"hp-contact-clean-label\">Phone<\/div>\n            <div class=\"hp-contact-clean-value\">\n              <a href=\"tel:+902163782500\">0 (216) 378 25 00<\/a>\n              <a href=\"tel:+902163785212\">0 (216) 378 52 12<\/a>\n            <\/div>\n          <\/div>\n\n          <div class=\"hp-contact-clean-item\">\n            <div class=\"hp-contact-clean-label\">Email<\/div>\n            <div class=\"hp-contact-clean-value\">\n              <a href=\"mailto:hurplastik@hurplastik.com\">hurplastik@hurplastik.com<\/a>\n            <\/div>\n          <\/div>\n\n          <div class=\"hp-contact-clean-item\">\n            <div class=\"hp-contact-clean-label\">Address<\/div>\n            <div class=\"hp-contact-clean-value\">\n              <span>50.Y\u0131l, Mustafa Kemal Atat\u00fcrk Cad. No : 44<br\/>Kalaba \/ Avanos \/ Nev\u015fehir<\/span>\n            <\/div>\n          <\/div>\n        <\/div>\n\n      <\/div>\n\n      <!-- RIGHT (HAR\u0130TA) -->\n      <aside class=\"hp-contact-clean-side\">\n\n        <div class=\"hp-contact-clean-map-box\">\n          <iframe src=\"https:\/\/www.google.com\/maps\/embed?pb=!1m18!1m12!1m3!1d3102.3883712910556!2d35.01736018891962!3d38.960799082426234!2m3!1f0!2f0!3f0!3m2!1i1024!2i768!4f13.1!3m3!1m2!1s0x14cadb6b3833049d%3A0xf07888cde7c39daf!2sH%C3%BCr%20Plastik!5e0!3m2!1str!2str!4v1775307226747!5m2!1str!2str\" allowfullscreen=\"\" loading=\"lazy\" referrerpolicy=\"no-referrer-when-downgrade\">\n          <\/iframe>\n        <\/div>\n\n      <\/aside>\n\n    <\/div>\n\n  <\/div>\n<\/section>\n\n<style>\n.hp-contact-clean *{box-sizing:border-box;}\n.hp-contact-clean{background:#fff;color:#111;font-family:inherit;}\n.hp-contact-clean-wrap{max-width:1120px;margin:0 auto;padding:24px 18px 56px;}\n\n.hp-contact-clean-head{text-align:center;margin-bottom:34px;}\n.hp-contact-clean-eyebrow{color:#4aa000;font-size:13px;font-weight:800;}\n.hp-contact-clean-head h1{margin:10px 0;font-size:42px;}\n.hp-contact-clean-head p{color:#444;line-height:1.8;}\n\n\/* GRID *\/\n.hp-contact-clean-grid{\n  display:grid;\n  grid-template-columns:1fr 1fr; \/* %50 - %50 *\/\n  gap:32px;\n  align-items:start;\n}\n\n\/* LEFT *\/\n.hp-contact-clean-section h2{margin-bottom:10px;}\n.hp-contact-clean-section p{color:#444;}\n\n.hp-contact-clean-list{margin-top:20px;border-top:1px solid #eee;}\n\n.hp-contact-clean-item{\n  display:grid;\n  grid-template-columns:140px 1fr;\n  padding:20px 0;\n  border-bottom:1px solid #eee;\n}\n\n.hp-contact-clean-label{font-weight:700;}\n.hp-contact-clean-value a,\n.hp-contact-clean-value span{\n  display:block;\n  color:#444;\n  text-decoration:none;\n  line-height:1.9;\n}\n\n\/* MAP *\/\n.hp-contact-clean-map-box{\n  width:100%;\n  height:420px; \/* b\u00fcy\u00fct\u00fcld\u00fc *\/\n  border-radius:16px;\n  overflow:hidden;\n  border:1px solid #e5e5e5;\n}\n\n.hp-contact-clean-map-box iframe{\n  width:100%;\n  height:100%;\n  border:0;\n}\n\n\/* MOBILE *\/\n@media(max-width:900px){\n  .hp-contact-clean-grid{\n    grid-template-columns:1fr;\n  }\n\n  .hp-contact-clean-map-box{\n    height:320px;\n  }\n}\n\n@media(max-width:640px){\n  .hp-contact-clean-item{\n    grid-template-columns:1fr;\n    gap:6px;\n  }\n}\n<\/style>\n","protected":false},"excerpt":{"rendered":"<p>Contact Contact H\u00fcr Plastik You may contact us for information regarding our products, recycling processes, and collaboration inquiries. Phone 0 (216) 378 25 00 0 (216) 378 52 12 Email hurplastik@hurplastik.com Address 50.Y\u0131l, Mustafa Kemal Atat\u00fcrk Cad. No : 44Kalaba \/ Avanos \/ Nev\u015fehir<\/p>\n","protected":false},"author":1,"featured_media":0,"parent":0,"menu_order":0,"comment_status":"closed","ping_status":"closed","template":"","meta":{"footnotes":""},"class_list":{"0":"post-50092","1":"page","2":"type-page","3":"status-publish","5":"no-featured-image-padding"},"_links":{"self":[{"href":"https:\/\/hurplastik.com\/en\/wp-json\/wp\/v2\/pages\/50092","targetHints":{"allow":["GET"]}}],"collection":[{"href":"https:\/\/hurplastik.com\/en\/wp-json\/wp\/v2\/pages"}],"about":[{"href":"https:\/\/hurplastik.com\/en\/wp-json\/wp\/v2\/types\/page"}],"author":[{"embeddable":true,"href":"https:\/\/hurplastik.com\/en\/wp-json\/wp\/v2\/users\/1"}],"replies":[{"embeddable":true,"href":"https:\/\/hurplastik.com\/en\/wp-json\/wp\/v2\/comments?post=50092"}],"version-history":[{"count":2,"href":"https:\/\/hurplastik.com\/en\/wp-json\/wp\/v2\/pages\/50092\/revisions"}],"predecessor-version":[{"id":50269,"href":"https:\/\/hurplastik.com\/en\/wp-json\/wp\/v2\/pages\/50092\/revisions\/50269"}],"wp:attachment":[{"href":"https:\/\/hurplastik.com\/en\/wp-json\/wp\/v2\/media?parent=50092"}],"curies":[{"name":"wp","href":"https:\/\/api.w.org\/{rel}","templated":true}]}}